{"id":3143,"date":"2017-02-17T11:18:04","date_gmt":"2017-02-17T10:18:04","guid":{"rendered":"http:\/\/www.der-mopedladen.de\/?page_id=3143"},"modified":"2025-09-15T15:05:02","modified_gmt":"2025-09-15T13:05:02","slug":"anfrage-ersatzteile","status":"publish","type":"page","link":"https:\/\/www.der-mopedladen.de\/?page_id=3143","title":{"rendered":"Anfrage Ersatzteile"},"content":{"rendered":"<p>Wir beschaffen auf Wunsch fast jedes Ersatzteil f\u00fcr fast jedes Fahrzeug! Au\u00dferdem haben wir einen gro\u00dfen Vorrat an gebrauchten Fahrzeugteilen (Verkleidungen, Motorteile, Reifen etc&#8230;), haupts\u00e4chlich f\u00fcr Motorroller! Bei Interesse kontaktieren Sie uns bitte telefonisch unter 0511 3506787 oder per Mail an <a href=\"mailto:info@mopedladen.de\">info@mopedladen.de<\/a><\/p>\n","protected":false},"excerpt":{"rendered":"<p>Wir beschaffen auf Wunsch fast jedes Ersatzteil f\u00fcr fast jedes Fahrzeug! Au\u00dferdem haben wir einen gro\u00dfen Vorrat an gebrauchten Fahrzeugteilen (Verkleidungen, Motorteile, Reifen etc&#8230;), haupts\u00e4chlich\u2026<\/p>\n<p class=\"continue-reading-button\"> <a class=\"continue-reading-link\" href=\"https:\/\/www.der-mopedladen.de\/?page_id=3143\">Mehr Informationen<i class=\"crycon-right-dir\"><\/i><\/a><\/p>\n","protected":false},"author":2,"featured_media":0,"parent":0,"menu_order":0,"comment_status":"closed","ping_status":"closed","template":"","meta":{"footnotes":""},"class_list":["post-3143","page","type-page","status-publish","hentry"],"yoast_head":"<!-- This site is optimized with the Yoast SEO plugin v25.7 - https:\/\/yoast.com\/wordpress\/plugins\/seo\/ -->\n<title>Anfrage Ersatzteile -<\/title>\n<meta name=\"robots\" content=\"index, follow, max-snippet:-1, max-image-preview:large, max-video-preview:-1\" \/>\n<link rel=\"canonical\" href=\"https:\/\/www.der-mopedladen.de\/?page_id=3143\" \/>\n<meta property=\"og:locale\" content=\"de_DE\" \/>\n<meta property=\"og:type\" content=\"article\" \/>\n<meta property=\"og:title\" content=\"Anfrage Ersatzteile -\" \/>\n<meta property=\"og:description\" content=\"Wir beschaffen auf Wunsch fast jedes Ersatzteil f\u00fcr fast jedes Fahrzeug! Au\u00dferdem haben wir einen gro\u00dfen Vorrat an gebrauchten Fahrzeugteilen (Verkleidungen, Motorteile, Reifen etc&#8230;), haupts\u00e4chlich\u2026 Mehr Informationen\" \/>\n<meta property=\"og:url\" content=\"https:\/\/www.der-mopedladen.de\/?page_id=3143\" \/>\n<meta property=\"article:modified_time\" content=\"2025-09-15T13:05:02+00:00\" \/>\n<meta name=\"twitter:card\" content=\"summary_large_image\" \/>\n<script type=\"application\/ld+json\" class=\"yoast-schema-graph\">{\"@context\":\"https:\/\/schema.org\",\"@graph\":[{\"@type\":\"WebPage\",\"@id\":\"https:\/\/www.der-mopedladen.de\/?page_id=3143\",\"url\":\"https:\/\/www.der-mopedladen.de\/?page_id=3143\",\"name\":\"Anfrage Ersatzteile -\",\"isPartOf\":{\"@id\":\"https:\/\/www.der-mopedladen.de\/#website\"},\"datePublished\":\"2017-02-17T10:18:04+00:00\",\"dateModified\":\"2025-09-15T13:05:02+00:00\",\"breadcrumb\":{\"@id\":\"https:\/\/www.der-mopedladen.de\/?page_id=3143#breadcrumb\"},\"inLanguage\":\"de\",\"potentialAction\":[{\"@type\":\"ReadAction\",\"target\":[\"https:\/\/www.der-mopedladen.de\/?page_id=3143\"]}]},{\"@type\":\"BreadcrumbList\",\"@id\":\"https:\/\/www.der-mopedladen.de\/?page_id=3143#breadcrumb\",\"itemListElement\":[{\"@type\":\"ListItem\",\"position\":1,\"name\":\"Startseite\",\"item\":\"https:\/\/www.der-mopedladen.de\/\"},{\"@type\":\"ListItem\",\"position\":2,\"name\":\"Anfrage Ersatzteile\"}]},{\"@type\":\"WebSite\",\"@id\":\"https:\/\/www.der-mopedladen.de\/#website\",\"url\":\"https:\/\/www.der-mopedladen.de\/\",\"name\":\"\",\"description\":\"\",\"publisher\":{\"@id\":\"https:\/\/www.der-mopedladen.de\/#organization\"},\"potentialAction\":[{\"@type\":\"SearchAction\",\"target\":{\"@type\":\"EntryPoint\",\"urlTemplate\":\"https:\/\/www.der-mopedladen.de\/?s={search_term_string}\"},\"query-input\":{\"@type\":\"PropertyValueSpecification\",\"valueRequired\":true,\"valueName\":\"search_term_string\"}}],\"inLanguage\":\"de\"},{\"@type\":\"Organization\",\"@id\":\"https:\/\/www.der-mopedladen.de\/#organization\",\"name\":\"Der Mopedladen OHG\",\"url\":\"https:\/\/www.der-mopedladen.de\/\",\"logo\":{\"@type\":\"ImageObject\",\"inLanguage\":\"de\",\"@id\":\"https:\/\/www.der-mopedladen.de\/#\/schema\/logo\/image\/\",\"url\":\"https:\/\/www.der-mopedladen.de\/wp-content\/uploads\/2021\/04\/Logo-DerMopedladen_ZW_CMYK-50x36mm.jpg\",\"contentUrl\":\"https:\/\/www.der-mopedladen.de\/wp-content\/uploads\/2021\/04\/Logo-DerMopedladen_ZW_CMYK-50x36mm.jpg\",\"width\":602,\"height\":437,\"caption\":\"Der Mopedladen OHG\"},\"image\":{\"@id\":\"https:\/\/www.der-mopedladen.de\/#\/schema\/logo\/image\/\"}}]}<\/script>\n<!-- \/ Yoast SEO plugin. -->","yoast_head_json":{"title":"Anfrage Ersatzteile -","robots":{"index":"index","follow":"follow","max-snippet":"max-snippet:-1","max-image-preview":"max-image-preview:large","max-video-preview":"max-video-preview:-1"},"canonical":"https:\/\/www.der-mopedladen.de\/?page_id=3143","og_locale":"de_DE","og_type":"article","og_title":"Anfrage Ersatzteile -","og_description":"Wir beschaffen auf Wunsch fast jedes Ersatzteil f\u00fcr fast jedes Fahrzeug! Au\u00dferdem haben wir einen gro\u00dfen Vorrat an gebrauchten Fahrzeugteilen (Verkleidungen, Motorteile, Reifen etc&#8230;), haupts\u00e4chlich\u2026 Mehr Informationen","og_url":"https:\/\/www.der-mopedladen.de\/?page_id=3143","article_modified_time":"2025-09-15T13:05:02+00:00","twitter_card":"summary_large_image","schema":{"@context":"https:\/\/schema.org","@graph":[{"@type":"WebPage","@id":"https:\/\/www.der-mopedladen.de\/?page_id=3143","url":"https:\/\/www.der-mopedladen.de\/?page_id=3143","name":"Anfrage Ersatzteile -","isPartOf":{"@id":"https:\/\/www.der-mopedladen.de\/#website"},"datePublished":"2017-02-17T10:18:04+00:00","dateModified":"2025-09-15T13:05:02+00:00","breadcrumb":{"@id":"https:\/\/www.der-mopedladen.de\/?page_id=3143#breadcrumb"},"inLanguage":"de","potentialAction":[{"@type":"ReadAction","target":["https:\/\/www.der-mopedladen.de\/?page_id=3143"]}]},{"@type":"BreadcrumbList","@id":"https:\/\/www.der-mopedladen.de\/?page_id=3143#breadcrumb","itemListElement":[{"@type":"ListItem","position":1,"name":"Startseite","item":"https:\/\/www.der-mopedladen.de\/"},{"@type":"ListItem","position":2,"name":"Anfrage Ersatzteile"}]},{"@type":"WebSite","@id":"https:\/\/www.der-mopedladen.de\/#website","url":"https:\/\/www.der-mopedladen.de\/","name":"","description":"","publisher":{"@id":"https:\/\/www.der-mopedladen.de\/#organization"},"potentialAction":[{"@type":"SearchAction","target":{"@type":"EntryPoint","urlTemplate":"https:\/\/www.der-mopedladen.de\/?s={search_term_string}"},"query-input":{"@type":"PropertyValueSpecification","valueRequired":true,"valueName":"search_term_string"}}],"inLanguage":"de"},{"@type":"Organization","@id":"https:\/\/www.der-mopedladen.de\/#organization","name":"Der Mopedladen OHG","url":"https:\/\/www.der-mopedladen.de\/","logo":{"@type":"ImageObject","inLanguage":"de","@id":"https:\/\/www.der-mopedladen.de\/#\/schema\/logo\/image\/","url":"https:\/\/www.der-mopedladen.de\/wp-content\/uploads\/2021\/04\/Logo-DerMopedladen_ZW_CMYK-50x36mm.jpg","contentUrl":"https:\/\/www.der-mopedladen.de\/wp-content\/uploads\/2021\/04\/Logo-DerMopedladen_ZW_CMYK-50x36mm.jpg","width":602,"height":437,"caption":"Der Mopedladen OHG"},"image":{"@id":"https:\/\/www.der-mopedladen.de\/#\/schema\/logo\/image\/"}}]}},"_links":{"self":[{"href":"https:\/\/www.der-mopedladen.de\/index.php?rest_route=\/wp\/v2\/pages\/3143","targetHints":{"allow":["GET"]}}],"collection":[{"href":"https:\/\/www.der-mopedladen.de\/index.php?rest_route=\/wp\/v2\/pages"}],"about":[{"href":"https:\/\/www.der-mopedladen.de\/index.php?rest_route=\/wp\/v2\/types\/page"}],"author":[{"embeddable":true,"href":"https:\/\/www.der-mopedladen.de\/index.php?rest_route=\/wp\/v2\/users\/2"}],"replies":[{"embeddable":true,"href":"https:\/\/www.der-mopedladen.de\/index.php?rest_route=%2Fwp%2Fv2%2Fcomments&post=3143"}],"version-history":[{"count":2,"href":"https:\/\/www.der-mopedladen.de\/index.php?rest_route=\/wp\/v2\/pages\/3143\/revisions"}],"predecessor-version":[{"id":22512,"href":"https:\/\/www.der-mopedladen.de\/index.php?rest_route=\/wp\/v2\/pages\/3143\/revisions\/22512"}],"wp:attachment":[{"href":"https:\/\/www.der-mopedladen.de\/index.php?rest_route=%2Fwp%2Fv2%2Fmedia&parent=3143"}],"curies":[{"name":"wp","href":"https:\/\/api.w.org\/{rel}","templated":true}]}}